{"id":887,"date":"2025-10-04T10:58:00","date_gmt":"2025-10-04T10:58:00","guid":{"rendered":"https:\/\/ritmoslanzarote.es\/?page_id=887"},"modified":"2025-10-04T13:59:20","modified_gmt":"2025-10-04T13:59:20","slug":"ritmos-kids","status":"publish","type":"page","link":"https:\/\/ritmoslanzarote.es\/en\/ritmos-kids\/","title":{"rendered":"Ritmos Kids"},"content":{"rendered":"<p>[et_pb_section fb_built=\u00bb1&#8243; admin_label=\u00bbBecome a Member Section\u00bb _builder_version=\u00bb4.21.0&#8243; background_color=\u00bb#fafbfc\u00bb background_image=\u00bbhttps:\/\/ritmoslanzarote.es\/wp-content\/uploads\/2025\/10\/ritmoskidswalleb-1.png\u00bb parallax=\u00bbon\u00bb custom_padding=\u00bb50px|0px|50px|0px||\u00bb global_colors_info=\u00bb{}\u00bb][et_pb_row column_structure=\u00bb1_2,1_2&#8243; _builder_version=\u00bb4.16&#8243; custom_padding=\u00bb|||\u00bb locked=\u00bboff\u00bb global_colors_info=\u00bb{}\u00bb][et_pb_column type=\u00bb1_2&#8243; _builder_version=\u00bb4.16&#8243; custom_padding=\u00bb|||\u00bb global_colors_info=\u00bb{}\u00bb custom_padding__hover=\u00bb|||\u00bb][et_pb_divider color=\u00bbRGBA(255,255,255,0)\u00bb _builder_version=\u00bb4.21.0&#8243; _module_preset=\u00bbdefault\u00bb custom_margin=\u00bb22px||||false|false\u00bb global_colors_info=\u00bb{}\u00bb][\/et_pb_divider][et_pb_text _builder_version=\u00bb4.21.0&#8243; text_font=\u00bb||||||||\u00bb header_font=\u00bb||||||||\u00bb header_2_font=\u00bb|700|||||||\u00bb header_2_text_color=\u00bb#FFFFFF\u00bb header_2_font_size=\u00bb44px\u00bb header_3_font=\u00bbPoppins|600|||||||\u00bb header_3_text_color=\u00bb#44d89e\u00bb header_3_font_size=\u00bb36px\u00bb header_3_line_height=\u00bb1.4em\u00bb header_2_text_shadow_style=\u00bbpreset3&#8243; global_colors_info=\u00bb{}\u00bb]<\/p>\n<h2>For children and adolescents.<\/h2>\n<p>[\/et_pb_text][et_pb_text _builder_version=\u00bb4.21.0&#8243; text_font=\u00bbOpen Sans|700|||||||\u00bb text_text_color=\u00bb#FFFFFF\u00bb text_font_size=\u00bb17px\u00bb text_line_height=\u00bb1.8em\u00bb header_font=\u00bb||||||||\u00bb text_text_shadow_style=\u00bbpreset3&#8243; global_colors_info=\u00bb{}\u00bb]<\/p>\n<p data-start=\"131\" data-end=\"405\">In our classes, children learn to dance while developing coordination, confidence and discipline.<\/p>\n<p data-start=\"131\" data-end=\"405\">All with the energy of the urban music they love the most!<\/p>\n<p data-start=\"407\" data-end=\"520\">A safe, fun and motivating space where your children can express themselves, make friends and grow with the rhythm.<\/p>\n<p>[\/et_pb_text][\/et_pb_column][et_pb_column type=\u00bb1_2&#8243; _builder_version=\u00bb4.16&#8243; custom_padding=\u00bb|||\u00bb global_colors_info=\u00bb{}\u00bb custom_padding__hover=\u00bb|||\u00bb][et_pb_image src=\u00bbhttps:\/\/ritmoslanzarote.es\/wp-content\/uploads\/2025\/10\/Ritmos-Kids-Logo-Sombra.png\u00bb title_text=\u00bbRitmos Kids Logo Sombra\u00bb align_tablet=\u00bbcenter\u00bb align_phone=\u00bbcenter\u00bb align_last_edited=\u00bbon|desktop\u00bb _builder_version=\u00bb4.21.0&#8243; animation_style=\u00bbslide\u00bb animation_direction=\u00bbleft\u00bb animation_intensity_slide=\u00bb8%\u00bb global_colors_info=\u00bb{}\u00bb][\/et_pb_image][\/et_pb_column][\/et_pb_row][\/et_pb_section][et_pb_section fb_built=\u00bb1&#8243; _builder_version=\u00bb4.21.0&#8243; _module_preset=\u00bbdefault\u00bb global_colors_info=\u00bb{}\u00bb][et_pb_row column_structure=\u00bb1_2,1_2&#8243; _builder_version=\u00bb4.21.0&#8243; _module_preset=\u00bbdefault\u00bb global_colors_info=\u00bb{}\u00bb][et_pb_column type=\u00bb1_2&#8243; _builder_version=\u00bb4.21.0&#8243; _module_preset=\u00bbdefault\u00bb global_colors_info=\u00bb{}\u00bb][et_pb_image src=\u00bbhttps:\/\/ritmoslanzarote.es\/wp-content\/uploads\/2025\/10\/person-04.jpg\u00bb title_text=\u00bbperson-04&#8243; _builder_version=\u00bb4.21.0&#8243; _module_preset=\u00bbdefault\u00bb global_colors_info=\u00bb{}\u00bb][\/et_pb_image][\/et_pb_column][et_pb_column type=\u00bb1_2&#8243; _builder_version=\u00bb4.21.0&#8243; _module_preset=\u00bbdefault\u00bb global_colors_info=\u00bb{}\u00bb][et_pb_text _builder_version=\u00bb4.21.0&#8243; _module_preset=\u00bbdefault\u00bb header_3_font=\u00bb|700|||||||\u00bb header_3_text_color=\u00bb#FFB200&#8243; header_3_font_size=\u00bb34px\u00bb header_6_font=\u00bb|600|||||||\u00bb header_6_text_color=\u00bb#6B6B6B\u00bb global_colors_info=\u00bb{}\u00bb]<\/p>\n<h6>Our teacher<\/h6>\n<h3>Andrea Iglesias<\/h3>\n<p>It's the melon pear in Hip Hop<\/p>\n<p>[\/et_pb_text][\/et_pb_column][\/et_pb_row][\/et_pb_section][et_pb_section fb_built=\u00bb1&#8243; disabled_on=\u00bbon|on|off\u00bb _builder_version=\u00bb4.21.0&#8243; _module_preset=\u00bbdefault\u00bb background_color=\u00bb#202124&#8243; custom_padding=\u00bb50px||50px||true|\u00bb locked=\u00bboff\u00bb global_colors_info=\u00bb{}\u00bb][et_pb_row _builder_version=\u00bb4.16&#8243; _module_preset=\u00bbdefault\u00bb custom_padding=\u00bb3px|||||\u00bb global_colors_info=\u00bb{}\u00bb][et_pb_column type=\u00bb4_4&#8243; _builder_version=\u00bb4.16&#8243; _module_preset=\u00bbdefault\u00bb global_colors_info=\u00bb{}\u00bb][et_pb_image src=\u00bbhttps:\/\/ritmoslanzarote.es\/wp-content\/uploads\/2025\/10\/Horario-2025-KIDS.png\u00bb alt=\u00bbHorario de la escuela\u00bb title_text=\u00bbHorario 2025 KIDS\u00bb _builder_version=\u00bb4.21.0&#8243; _module_preset=\u00bbdefault\u00bb custom_padding=\u00bb0px|||||\u00bb hover_enabled=\u00bb0&#8243; global_colors_info=\u00bb{}\u00bb sticky_enabled=\u00bb0&#8243;][\/et_pb_image][\/et_pb_column][\/et_pb_row][\/et_pb_section][et_pb_section fb_built=\u00bb1&#8243; disabled_on=\u00bboff|off|on\u00bb _builder_version=\u00bb4.21.0&#8243; _module_preset=\u00bbdefault\u00bb background_color=\u00bb#202124&#8243; custom_padding=\u00bb2px||2px||true|\u00bb global_colors_info=\u00bb{}\u00bb locked=\u00bboff\u00bb][et_pb_row _builder_version=\u00bb4.21.0&#8243; _module_preset=\u00bbdefault\u00bb width=\u00bb100%\u00bb custom_padding=\u00bb0px||0px||false|false\u00bb hover_enabled=\u00bb0&#8243; global_colors_info=\u00bb{}\u00bb sticky_enabled=\u00bb0&#8243;][et_pb_column type=\u00bb4_4&#8243; _builder_version=\u00bb4.16&#8243; _module_preset=\u00bbdefault\u00bb global_colors_info=\u00bb{}\u00bb][et_pb_image src=\u00bbhttps:\/\/ritmoslanzarote.es\/wp-content\/uploads\/2025\/10\/Horario-2025-KIDS.png\u00bb alt=\u00bbHorario de la escuela\u00bb title_text=\u00bbHorario 2025 KIDS\u00bb _builder_version=\u00bb4.21.0&#8243; _module_preset=\u00bbdefault\u00bb custom_padding=\u00bb0px|||||\u00bb hover_enabled=\u00bb0&#8243; global_colors_info=\u00bb{}\u00bb sticky_enabled=\u00bb0&#8243;][\/et_pb_image][\/et_pb_column][\/et_pb_row][\/et_pb_section]<\/p>","protected":false},"excerpt":{"rendered":"<p>Para ni\u00f1os y adolescentes.En nuestras clases, los peques aprenden a bailar mientras desarrollan coordinaci\u00f3n, confianza y disciplina. \u00a1Todo con la energ\u00eda de la m\u00fasica urbana que m\u00e1s les gusta! Un espacio seguro, divertido y motivador donde tus hijos podr\u00e1n expresarse, hacer amigos y crecer con el ritmo.Nuestra profe Andrea Iglesias Es la pera melonera en [&hellip;]<\/p>","protected":false},"author":1,"featured_media":0,"parent":0,"menu_order":0,"comment_status":"closed","ping_status":"closed","template":"","meta":{"_et_pb_use_builder":"on","_et_pb_old_content":"","_et_gb_content_width":"","footnotes":""},"class_list":["post-887","page","type-page","status-publish","hentry"],"yoast_head":"<!-- This site is optimized with the Yoast SEO plugin v25.6 - https:\/\/yoast.com\/wordpress\/plugins\/seo\/ -->\n<title>Ritmos Kids - Ritmos Lanzarote<\/title>\n<meta name=\"robots\" content=\"index, follow, max-snippet:-1, max-image-preview:large, max-video-preview:-1\" \/>\n<link rel=\"canonical\" href=\"https:\/\/ritmoslanzarote.es\/en\/ritmos-kids\/\" \/>\n<meta property=\"og:locale\" content=\"en_GB\" \/>\n<meta property=\"og:type\" content=\"article\" \/>\n<meta property=\"og:title\" content=\"Ritmos Kids - Ritmos Lanzarote\" \/>\n<meta property=\"og:description\" content=\"Para ni\u00f1os y adolescentes.En nuestras clases, los peques aprenden a bailar mientras desarrollan coordinaci\u00f3n, confianza y disciplina. \u00a1Todo con la energ\u00eda de la m\u00fasica urbana que m\u00e1s les gusta! Un espacio seguro, divertido y motivador donde tus hijos podr\u00e1n expresarse, hacer amigos y crecer con el ritmo.Nuestra profe Andrea Iglesias Es la pera melonera en [&hellip;]\" \/>\n<meta property=\"og:url\" content=\"https:\/\/ritmoslanzarote.es\/en\/ritmos-kids\/\" \/>\n<meta property=\"og:site_name\" content=\"Ritmos Lanzarote\" \/>\n<meta property=\"article:publisher\" content=\"https:\/\/www.facebook.com\/Ritmos-Lanzarote-109550581586888\/\" \/>\n<meta property=\"article:modified_time\" content=\"2025-10-04T13:59:20+00:00\" \/>\n<meta name=\"twitter:card\" content=\"summary_large_image\" \/>\n<script type=\"application\/ld+json\" class=\"yoast-schema-graph\">{\"@context\":\"https:\/\/schema.org\",\"@graph\":[{\"@type\":\"WebPage\",\"@id\":\"https:\/\/ritmoslanzarote.es\/ritmos-kids\/\",\"url\":\"https:\/\/ritmoslanzarote.es\/ritmos-kids\/\",\"name\":\"Ritmos Kids - Ritmos Lanzarote\",\"isPartOf\":{\"@id\":\"https:\/\/ritmoslanzarote.es\/#website\"},\"datePublished\":\"2025-10-04T10:58:00+00:00\",\"dateModified\":\"2025-10-04T13:59:20+00:00\",\"breadcrumb\":{\"@id\":\"https:\/\/ritmoslanzarote.es\/ritmos-kids\/#breadcrumb\"},\"inLanguage\":\"en-GB\",\"potentialAction\":[{\"@type\":\"ReadAction\",\"target\":[\"https:\/\/ritmoslanzarote.es\/ritmos-kids\/\"]}]},{\"@type\":\"BreadcrumbList\",\"@id\":\"https:\/\/ritmoslanzarote.es\/ritmos-kids\/#breadcrumb\",\"itemListElement\":[{\"@type\":\"ListItem\",\"position\":1,\"name\":\"Home\",\"item\":\"https:\/\/ritmoslanzarote.es\/\"},{\"@type\":\"ListItem\",\"position\":2,\"name\":\"Ritmos Kids\"}]},{\"@type\":\"WebSite\",\"@id\":\"https:\/\/ritmoslanzarote.es\/#website\",\"url\":\"https:\/\/ritmoslanzarote.es\/\",\"name\":\"Ritmos Lanzarote\",\"description\":\"Escuela de baile y yoga\",\"publisher\":{\"@id\":\"https:\/\/ritmoslanzarote.es\/#organization\"},\"potentialAction\":[{\"@type\":\"SearchAction\",\"target\":{\"@type\":\"EntryPoint\",\"urlTemplate\":\"https:\/\/ritmoslanzarote.es\/?s={search_term_string}\"},\"query-input\":{\"@type\":\"PropertyValueSpecification\",\"valueRequired\":true,\"valueName\":\"search_term_string\"}}],\"inLanguage\":\"en-GB\"},{\"@type\":\"Organization\",\"@id\":\"https:\/\/ritmoslanzarote.es\/#organization\",\"name\":\"Ritmos Lanzarote\",\"url\":\"https:\/\/ritmoslanzarote.es\/\",\"logo\":{\"@type\":\"ImageObject\",\"inLanguage\":\"en-GB\",\"@id\":\"https:\/\/ritmoslanzarote.es\/#\/schema\/logo\/image\/\",\"url\":\"https:\/\/ritmoslanzarote.es\/wp-content\/uploads\/2022\/01\/Spotyfit_Bachata_RitmosLanzarote-1024x1024.png\",\"contentUrl\":\"https:\/\/ritmoslanzarote.es\/wp-content\/uploads\/2022\/01\/Spotyfit_Bachata_RitmosLanzarote-1024x1024.png\",\"width\":1024,\"height\":1024,\"caption\":\"Ritmos Lanzarote\"},\"image\":{\"@id\":\"https:\/\/ritmoslanzarote.es\/#\/schema\/logo\/image\/\"},\"sameAs\":[\"https:\/\/www.facebook.com\/Ritmos-Lanzarote-109550581586888\/\",\"https:\/\/www.instagram.com\/ritmoslanzarote\/\"]}]}<\/script>\n<!-- \/ Yoast SEO plugin. -->","yoast_head_json":{"title":"Ritmos Kids - Ritmos Lanzarote","robots":{"index":"index","follow":"follow","max-snippet":"max-snippet:-1","max-image-preview":"max-image-preview:large","max-video-preview":"max-video-preview:-1"},"canonical":"https:\/\/ritmoslanzarote.es\/en\/ritmos-kids\/","og_locale":"en_GB","og_type":"article","og_title":"Ritmos Kids - Ritmos Lanzarote","og_description":"Para ni\u00f1os y adolescentes.En nuestras clases, los peques aprenden a bailar mientras desarrollan coordinaci\u00f3n, confianza y disciplina. \u00a1Todo con la energ\u00eda de la m\u00fasica urbana que m\u00e1s les gusta! Un espacio seguro, divertido y motivador donde tus hijos podr\u00e1n expresarse, hacer amigos y crecer con el ritmo.Nuestra profe Andrea Iglesias Es la pera melonera en [&hellip;]","og_url":"https:\/\/ritmoslanzarote.es\/en\/ritmos-kids\/","og_site_name":"Ritmos Lanzarote","article_publisher":"https:\/\/www.facebook.com\/Ritmos-Lanzarote-109550581586888\/","article_modified_time":"2025-10-04T13:59:20+00:00","twitter_card":"summary_large_image","schema":{"@context":"https:\/\/schema.org","@graph":[{"@type":"WebPage","@id":"https:\/\/ritmoslanzarote.es\/ritmos-kids\/","url":"https:\/\/ritmoslanzarote.es\/ritmos-kids\/","name":"Ritmos Kids - Ritmos Lanzarote","isPartOf":{"@id":"https:\/\/ritmoslanzarote.es\/#website"},"datePublished":"2025-10-04T10:58:00+00:00","dateModified":"2025-10-04T13:59:20+00:00","breadcrumb":{"@id":"https:\/\/ritmoslanzarote.es\/ritmos-kids\/#breadcrumb"},"inLanguage":"en-GB","potentialAction":[{"@type":"ReadAction","target":["https:\/\/ritmoslanzarote.es\/ritmos-kids\/"]}]},{"@type":"BreadcrumbList","@id":"https:\/\/ritmoslanzarote.es\/ritmos-kids\/#breadcrumb","itemListElement":[{"@type":"ListItem","position":1,"name":"Home","item":"https:\/\/ritmoslanzarote.es\/"},{"@type":"ListItem","position":2,"name":"Ritmos Kids"}]},{"@type":"WebSite","@id":"https:\/\/ritmoslanzarote.es\/#website","url":"https:\/\/ritmoslanzarote.es\/","name":"Ritmos Lanzarote","description":"Escuela de baile y yoga","publisher":{"@id":"https:\/\/ritmoslanzarote.es\/#organization"},"potentialAction":[{"@type":"SearchAction","target":{"@type":"EntryPoint","urlTemplate":"https:\/\/ritmoslanzarote.es\/?s={search_term_string}"},"query-input":{"@type":"PropertyValueSpecification","valueRequired":true,"valueName":"search_term_string"}}],"inLanguage":"en-GB"},{"@type":"Organization","@id":"https:\/\/ritmoslanzarote.es\/#organization","name":"Ritmos Lanzarote","url":"https:\/\/ritmoslanzarote.es\/","logo":{"@type":"ImageObject","inLanguage":"en-GB","@id":"https:\/\/ritmoslanzarote.es\/#\/schema\/logo\/image\/","url":"https:\/\/ritmoslanzarote.es\/wp-content\/uploads\/2022\/01\/Spotyfit_Bachata_RitmosLanzarote-1024x1024.png","contentUrl":"https:\/\/ritmoslanzarote.es\/wp-content\/uploads\/2022\/01\/Spotyfit_Bachata_RitmosLanzarote-1024x1024.png","width":1024,"height":1024,"caption":"Ritmos Lanzarote"},"image":{"@id":"https:\/\/ritmoslanzarote.es\/#\/schema\/logo\/image\/"},"sameAs":["https:\/\/www.facebook.com\/Ritmos-Lanzarote-109550581586888\/","https:\/\/www.instagram.com\/ritmoslanzarote\/"]}]}},"_links":{"self":[{"href":"https:\/\/ritmoslanzarote.es\/en\/wp-json\/wp\/v2\/pages\/887"}],"collection":[{"href":"https:\/\/ritmoslanzarote.es\/en\/wp-json\/wp\/v2\/pages"}],"about":[{"href":"https:\/\/ritmoslanzarote.es\/en\/wp-json\/wp\/v2\/types\/page"}],"author":[{"embeddable":true,"href":"https:\/\/ritmoslanzarote.es\/en\/wp-json\/wp\/v2\/users\/1"}],"replies":[{"embeddable":true,"href":"https:\/\/ritmoslanzarote.es\/en\/wp-json\/wp\/v2\/comments?post=887"}],"version-history":[{"count":5,"href":"https:\/\/ritmoslanzarote.es\/en\/wp-json\/wp\/v2\/pages\/887\/revisions"}],"predecessor-version":[{"id":906,"href":"https:\/\/ritmoslanzarote.es\/en\/wp-json\/wp\/v2\/pages\/887\/revisions\/906"}],"wp:attachment":[{"href":"https:\/\/ritmoslanzarote.es\/en\/wp-json\/wp\/v2\/media?parent=887"}],"curies":[{"name":"wp","href":"https:\/\/api.w.org\/{rel}","templated":true}]}}