{"id":909,"date":"2025-10-04T14:23:12","date_gmt":"2025-10-04T14:23:12","guid":{"rendered":"https:\/\/ritmoslanzarote.es\/?page_id=909"},"modified":"2026-01-22T16:10:09","modified_gmt":"2026-01-22T16:10:09","slug":"profesores","status":"publish","type":"page","link":"https:\/\/ritmoslanzarote.es\/en\/profesores\/","title":{"rendered":"Teachers"},"content":{"rendered":"<p>[et_pb_section fb_built=\u00bb1&#8243; admin_label=\u00bbJoin Now Call to Action\u00bb _builder_version=\u00bb4.21.0&#8243; use_background_color_gradient=\u00bbon\u00bb background_color_gradient_direction=\u00bb105deg\u00bb background_color_gradient_stops=\u00bbgcid-d8f8f8a1-d2f8-4566-a943-ab72efe8a523 0%|gcid-1da62da9-8d30-451d-96bd-7cc58708189e 98%\u00bb background_color_gradient_start=\u00bb#1bb3eb\u00bb background_color_gradient_end=\u00bb#25efcb\u00bb custom_margin=\u00bb|||\u00bb custom_padding=\u00bb60px|0px|60px|0px\u00bb locked=\u00bboff\u00bb global_colors_info=\u00bb{%22gcid-1da62da9-8d30-451d-96bd-7cc58708189e%22:%91%22background_color_gradient_stops%22%93,%22gcid-d8f8f8a1-d2f8-4566-a943-ab72efe8a523%22:%91%22background_color_gradient_stops%22%93}\u00bb][et_pb_row _builder_version=\u00bb4.16&#8243; global_colors_info=\u00bb{}\u00bb][et_pb_column type=\u00bb4_4&#8243; _builder_version=\u00bb4.16&#8243; custom_padding=\u00bb|||\u00bb global_colors_info=\u00bb{}\u00bb custom_padding__hover=\u00bb|||\u00bb][et_pb_text _builder_version=\u00bb4.21.0&#8243; text_font=\u00bbPoppins||||||||\u00bb text_text_color=\u00bbrgba(255,255,255,0.8)\u00bb text_font_size=\u00bb18px\u00bb text_line_height=\u00bb1.8em\u00bb header_font=\u00bbPoppins|600|||||||\u00bb header_text_color=\u00bb#ffffff\u00bb header_font_size=\u00bb48px\u00bb header_line_height=\u00bb1.4em\u00bb header_3_font=\u00bbPoppins|600|||||||\u00bb header_3_font_size=\u00bb36px\u00bb header_3_line_height=\u00bb1.4em\u00bb background_layout=\u00bbdark\u00bb max_width=\u00bb600px\u00bb module_alignment=\u00bbleft\u00bb custom_margin=\u00bb|||\u00bb global_colors_info=\u00bb{}\u00bb]<\/p>\n<h1>Team of teachers<\/h1>\n<p>[\/et_pb_text][\/et_pb_column][\/et_pb_row][\/et_pb_section][et_pb_section fb_built=\u00bb1&#8243; admin_label=\u00bbOur Teachers Section\u00bb _builder_version=\u00bb4.16&#8243; background_color=\u00bb#fafbfc\u00bb custom_padding=\u00bb110px|0px|110px|0px\u00bb global_colors_info=\u00bb{}\u00bb][et_pb_row column_structure=\u00bb1_3,1_3,1_3&#8243; use_custom_gutter=\u00bbon\u00bb gutter_width=\u00bb2&#8243; custom_padding_last_edited=\u00bbon|desktop\u00bb _builder_version=\u00bb4.16&#8243; custom_padding=\u00bb|||\u00bb custom_padding_tablet=\u00bb0px||0px|\u00bb custom_padding_phone=\u00bb\u00bb locked=\u00bboff\u00bb global_colors_info=\u00bb{}\u00bb][et_pb_column type=\u00bb1_3&#8243; _builder_version=\u00bb4.16&#8243; custom_padding=\u00bb|||\u00bb global_colors_info=\u00bb{}\u00bb custom_padding__hover=\u00bb|||\u00bb][et_pb_team_member name=\u00bbMarckitus\u00bb position=\u00bbProfe &#038; Director\u00bb image_url=\u00bbhttps:\/\/ritmoslanzarote.es\/wp-content\/uploads\/2025\/10\/mARCbOFILLdANCEpERFIL.png\u00bb icon_color=\u00bb#44d89e\u00bb _builder_version=\u00bb4.21.0&#8243; header_font=\u00bbPoppins|500|||||||\u00bb header_text_color=\u00bb#486066&#8243; header_font_size=\u00bb18px\u00bb body_font=\u00bbOpen Sans||||||||\u00bb body_line_height=\u00bb1.8em\u00bb background_color=\u00bb#ffffff\u00bb text_orientation=\u00bbcenter\u00bb max_width=\u00bb360px\u00bb module_alignment=\u00bbcenter\u00bb custom_margin=\u00bb|||\u00bb custom_padding=\u00bb30px|30px|30px|30px\u00bb animation_style=\u00bbfade\u00bb border_radii=\u00bbon|6px|6px|6px|6px\u00bb box_shadow_style=\u00bbpreset1&#8243; box_shadow_vertical=\u00bb10px\u00bb box_shadow_blur=\u00bb24px\u00bb box_shadow_spread=\u00bb6px\u00bb box_shadow_color=\u00bbrgba(0,0,0,0.06)\u00bb icon_hover_color=\u00bb#353740&#8243; global_colors_info=\u00bb{}\u00bb icon_color__hover=\u00bb#353740&#8243; icon_color__hover_enabled=\u00bbon\u00bb]<\/p>\n<p>With his authentic and energetic style, Marckitus turns every class into a fun experience where you can learn, connect and enjoy dancing, combining technique, musicality and a lot of passion.<\/p>\n<p>[\/et_pb_team_member][\/et_pb_column][et_pb_column type=\u00bb1_3&#8243; _builder_version=\u00bb4.16&#8243; custom_padding=\u00bb|||\u00bb global_colors_info=\u00bb{}\u00bb custom_padding__hover=\u00bb|||\u00bb][et_pb_team_member name=\u00bbEva\u00bb position=\u00bbProfe &#038; community manager\u00bb image_url=\u00bbhttps:\/\/ritmoslanzarote.es\/wp-content\/uploads\/2025\/10\/Eva-Profe-2.png\u00bb icon_color=\u00bb#44d89e\u00bb _builder_version=\u00bb4.21.0&#8243; header_font=\u00bbPoppins|500|||||||\u00bb header_text_color=\u00bb#486066&#8243; header_font_size=\u00bb18px\u00bb body_font=\u00bbOpen Sans||||||||\u00bb body_line_height=\u00bb1.8em\u00bb background_color=\u00bb#ffffff\u00bb text_orientation=\u00bbcenter\u00bb max_width=\u00bb360px\u00bb module_alignment=\u00bbcenter\u00bb custom_margin=\u00bb|||\u00bb custom_padding=\u00bb30px|30px|30px|30px\u00bb animation_style=\u00bbfade\u00bb animation_delay=\u00bb100ms\u00bb border_radii=\u00bbon|6px|6px|6px|6px\u00bb box_shadow_style=\u00bbpreset1&#8243; box_shadow_vertical=\u00bb10px\u00bb box_shadow_blur=\u00bb24px\u00bb box_shadow_spread=\u00bb6px\u00bb box_shadow_color=\u00bbrgba(0,0,0,0.06)\u00bb icon_hover_color=\u00bb#353740&#8243; global_colors_info=\u00bb{}\u00bb icon_color__hover=\u00bb#353740&#8243; icon_color__hover_enabled=\u00bbon\u00bb]<\/p>\n<p>He has a special connection with people: he teaches with affection, empathy and a contagious energy. She loves helping others to improve, taking care of every technical detail without losing the fun in class.<\/p>\n<p>[\/et_pb_team_member][\/et_pb_column][et_pb_column type=\u00bb1_3&#8243; _builder_version=\u00bb4.16&#8243; custom_padding=\u00bb|||\u00bb global_colors_info=\u00bb{}\u00bb custom_padding__hover=\u00bb|||\u00bb][et_pb_team_member name=\u00bbAlba\u00bb position=\u00bbProfe\u00bb image_url=\u00bbhttps:\/\/ritmoslanzarote.es\/wp-content\/uploads\/2025\/10\/alba-profe.png\u00bb icon_color=\u00bb#44d89e\u00bb _builder_version=\u00bb4.21.0&#8243; header_font=\u00bbPoppins|500|||||||\u00bb header_text_color=\u00bb#486066&#8243; header_font_size=\u00bb18px\u00bb body_font=\u00bbOpen Sans||||||||\u00bb body_line_height=\u00bb1.8em\u00bb background_color=\u00bb#ffffff\u00bb text_orientation=\u00bbcenter\u00bb max_width=\u00bb360px\u00bb module_alignment=\u00bbcenter\u00bb custom_margin=\u00bb|||\u00bb custom_padding=\u00bb30px|30px|30px|30px\u00bb animation_style=\u00bbfade\u00bb animation_delay=\u00bb200ms\u00bb border_radii=\u00bbon|6px|6px|6px|6px\u00bb box_shadow_style=\u00bbpreset1&#8243; box_shadow_vertical=\u00bb10px\u00bb box_shadow_blur=\u00bb24px\u00bb box_shadow_spread=\u00bb6px\u00bb box_shadow_color=\u00bbrgba(0,0,0,0.06)\u00bb icon_hover_color=\u00bb#353740&#8243; locked=\u00bboff\u00bb global_colors_info=\u00bb{}\u00bb icon_color__hover=\u00bb#353740&#8243; icon_color__hover_enabled=\u00bbon\u00bb]<\/p>\n<p>He transmits closeness from the first moment. When he connects with you, he gives himself completely to you: he accompanies, supports and guides you with impeccable technique and impressive gestures.<\/p>\n<p>[\/et_pb_team_member][\/et_pb_column][\/et_pb_row][et_pb_row column_structure=\u00bb1_3,1_3,1_3&#8243; use_custom_gutter=\u00bbon\u00bb gutter_width=\u00bb2&#8243; custom_padding_last_edited=\u00bbon|desktop\u00bb _builder_version=\u00bb4.16&#8243; custom_padding=\u00bb|||\u00bb custom_padding_tablet=\u00bb0px||0px|\u00bb custom_padding_phone=\u00bb\u00bb locked=\u00bboff\u00bb global_colors_info=\u00bb{}\u00bb][et_pb_column type=\u00bb1_3&#8243; _builder_version=\u00bb4.16&#8243; custom_padding=\u00bb|||\u00bb global_colors_info=\u00bb{}\u00bb custom_padding__hover=\u00bb|||\u00bb][et_pb_team_member name=\u00bbMarci\u00bb position=\u00bbProfe\u00bb image_url=\u00bbhttps:\/\/ritmoslanzarote.es\/wp-content\/uploads\/2025\/10\/Marci-Profe.png\u00bb icon_color=\u00bb#44d89e\u00bb _builder_version=\u00bb4.21.0&#8243; header_font=\u00bbPoppins|500|||||||\u00bb header_text_color=\u00bb#486066&#8243; header_font_size=\u00bb18px\u00bb body_font=\u00bbOpen Sans||||||||\u00bb body_line_height=\u00bb1.8em\u00bb background_color=\u00bb#ffffff\u00bb text_orientation=\u00bbcenter\u00bb max_width=\u00bb360px\u00bb module_alignment=\u00bbcenter\u00bb custom_margin=\u00bb|||\u00bb custom_padding=\u00bb30px|30px|30px|30px\u00bb animation_style=\u00bbfade\u00bb border_radii=\u00bbon|6px|6px|6px|6px\u00bb box_shadow_style=\u00bbpreset1&#8243; box_shadow_vertical=\u00bb10px\u00bb box_shadow_blur=\u00bb24px\u00bb box_shadow_spread=\u00bb6px\u00bb box_shadow_color=\u00bbrgba(0,0,0,0.06)\u00bb icon_hover_color=\u00bb#353740&#8243; global_colors_info=\u00bb{}\u00bb icon_color__hover=\u00bb#353740&#8243; icon_color__hover_enabled=\u00bbon\u00bb]<\/p>\n<p>He is calm but full of motivation. He has a gift for connecting on a one-to-one basis and always inspires others to explore, create and investigate further in every class.<\/p>\n<p>[\/et_pb_team_member][\/et_pb_column][et_pb_column type=\u00bb1_3&#8243; _builder_version=\u00bb4.16&#8243; custom_padding=\u00bb|||\u00bb global_colors_info=\u00bb{}\u00bb custom_padding__hover=\u00bb|||\u00bb][et_pb_team_member name=\u00bbVaso\u00bb position=\u00bbTrainer\u00bb image_url=\u00bbhttps:\/\/ritmoslanzarote.es\/wp-content\/uploads\/2025\/10\/Vaso-Profe.png\u00bb icon_color=\u00bb#44d89e\u00bb _builder_version=\u00bb4.21.0&#8243; header_font=\u00bbPoppins|500|||||||\u00bb header_text_color=\u00bb#486066&#8243; header_font_size=\u00bb18px\u00bb body_font=\u00bbOpen Sans||||||||\u00bb body_line_height=\u00bb1.8em\u00bb background_color=\u00bb#ffffff\u00bb text_orientation=\u00bbcenter\u00bb max_width=\u00bb360px\u00bb module_alignment=\u00bbcenter\u00bb custom_margin=\u00bb|||\u00bb custom_padding=\u00bb30px|30px|30px|30px\u00bb animation_style=\u00bbfade\u00bb animation_delay=\u00bb100ms\u00bb border_radii=\u00bbon|6px|6px|6px|6px\u00bb box_shadow_style=\u00bbpreset1&#8243; box_shadow_vertical=\u00bb10px\u00bb box_shadow_blur=\u00bb24px\u00bb box_shadow_spread=\u00bb6px\u00bb box_shadow_color=\u00bbrgba(0,0,0,0.06)\u00bb icon_hover_color=\u00bb#353740&#8243; global_colors_info=\u00bb{}\u00bb icon_color__hover=\u00bb#353740&#8243; icon_color__hover_enabled=\u00bbon\u00bb]<\/p>\n<p>Vaso has the mentality of an elite athlete: focus, discipline and perseverance. In her classes she motivates students to give their maximum, guiding them with exigency and balance so that each student surpasses their limits and increases their motivation.<\/p>\n<p>[\/et_pb_team_member][\/et_pb_column][et_pb_column type=\u00bb1_3&#8243; _builder_version=\u00bb4.16&#8243; custom_padding=\u00bb|||\u00bb global_colors_info=\u00bb{}\u00bb custom_padding__hover=\u00bb|||\u00bb][et_pb_team_member name=\u00bbAmelia\u00bb position=\u00bbProfe Salsa Cubana\u00bb image_url=\u00bbhttps:\/\/ritmoslanzarote.es\/wp-content\/uploads\/2025\/10\/Amelia-Profe.png\u00bb icon_color=\u00bb#44d89e\u00bb _builder_version=\u00bb4.21.0&#8243; header_font=\u00bbPoppins|500|||||||\u00bb header_text_color=\u00bb#486066&#8243; header_font_size=\u00bb18px\u00bb body_font=\u00bbOpen Sans||||||||\u00bb body_line_height=\u00bb1.8em\u00bb background_color=\u00bb#ffffff\u00bb text_orientation=\u00bbcenter\u00bb max_width=\u00bb360px\u00bb module_alignment=\u00bbcenter\u00bb custom_margin=\u00bb|||\u00bb custom_padding=\u00bb30px|30px|30px|30px\u00bb animation_style=\u00bbfade\u00bb animation_delay=\u00bb200ms\u00bb border_radii=\u00bbon|6px|6px|6px|6px\u00bb box_shadow_style=\u00bbpreset1&#8243; box_shadow_vertical=\u00bb10px\u00bb box_shadow_blur=\u00bb24px\u00bb box_shadow_spread=\u00bb6px\u00bb box_shadow_color=\u00bbrgba(0,0,0,0.06)\u00bb icon_hover_color=\u00bb#353740&#8243; locked=\u00bboff\u00bb global_colors_info=\u00bb{}\u00bb icon_color__hover=\u00bb#353740&#8243; icon_color__hover_enabled=\u00bbon\u00bb]<\/p>\n<p>Amelia is pure attitude and rumba. Her Cuban salsa classes - full of timba, casino and folklore - make everyone let loose, enjoy themselves and forget the world while dancing.<\/p>\n<p>[\/et_pb_team_member][\/et_pb_column][\/et_pb_row][\/et_pb_section].<\/p>","protected":false},"excerpt":{"rendered":"<p>Equipo de profesCon su estilo aut\u00e9ntico y lleno de energ\u00eda, Marckitus convierte cada clase en una experiencia divertida donde aprender, conectar y disfrutar del baile, combinando t\u00e9cnica, musicalidad y mucha pasi\u00f3n.Tiene una conexi\u00f3n especial con la gente: ense\u00f1a con cari\u00f1o, empat\u00eda y una energ\u00eda contagiosa. Le encanta ayudar a los dem\u00e1s a mejorar, cuidando cada [&hellip;]<\/p>","protected":false},"author":1,"featured_media":0,"parent":0,"menu_order":0,"comment_status":"closed","ping_status":"closed","template":"","meta":{"_et_pb_use_builder":"on","_et_pb_old_content":"","_et_gb_content_width":"","footnotes":""},"class_list":["post-909","page","type-page","status-publish","hentry"],"yoast_head":"<!-- This site is optimized with the Yoast SEO plugin v25.6 - https:\/\/yoast.com\/wordpress\/plugins\/seo\/ -->\n<title>Profesores - Ritmos Lanzarote<\/title>\n<meta name=\"robots\" content=\"index, follow, max-snippet:-1, max-image-preview:large, max-video-preview:-1\" \/>\n<link rel=\"canonical\" href=\"https:\/\/ritmoslanzarote.es\/en\/profesores\/\" \/>\n<meta property=\"og:locale\" content=\"en_GB\" \/>\n<meta property=\"og:type\" content=\"article\" \/>\n<meta property=\"og:title\" content=\"Profesores - Ritmos Lanzarote\" \/>\n<meta property=\"og:description\" content=\"Equipo de profesCon su estilo aut\u00e9ntico y lleno de energ\u00eda, Marckitus convierte cada clase en una experiencia divertida donde aprender, conectar y disfrutar del baile, combinando t\u00e9cnica, musicalidad y mucha pasi\u00f3n.Tiene una conexi\u00f3n especial con la gente: ense\u00f1a con cari\u00f1o, empat\u00eda y una energ\u00eda contagiosa. Le encanta ayudar a los dem\u00e1s a mejorar, cuidando cada [&hellip;]\" \/>\n<meta property=\"og:url\" content=\"https:\/\/ritmoslanzarote.es\/en\/profesores\/\" \/>\n<meta property=\"og:site_name\" content=\"Ritmos Lanzarote\" \/>\n<meta property=\"article:publisher\" content=\"https:\/\/www.facebook.com\/Ritmos-Lanzarote-109550581586888\/\" \/>\n<meta property=\"article:modified_time\" content=\"2026-01-22T16:10:09+00:00\" \/>\n<meta name=\"twitter:card\" content=\"summary_large_image\" \/>\n<script type=\"application\/ld+json\" class=\"yoast-schema-graph\">{\"@context\":\"https:\/\/schema.org\",\"@graph\":[{\"@type\":\"WebPage\",\"@id\":\"https:\/\/ritmoslanzarote.es\/profesores\/\",\"url\":\"https:\/\/ritmoslanzarote.es\/profesores\/\",\"name\":\"Profesores - Ritmos Lanzarote\",\"isPartOf\":{\"@id\":\"https:\/\/ritmoslanzarote.es\/#website\"},\"datePublished\":\"2025-10-04T14:23:12+00:00\",\"dateModified\":\"2026-01-22T16:10:09+00:00\",\"breadcrumb\":{\"@id\":\"https:\/\/ritmoslanzarote.es\/profesores\/#breadcrumb\"},\"inLanguage\":\"en-GB\",\"potentialAction\":[{\"@type\":\"ReadAction\",\"target\":[\"https:\/\/ritmoslanzarote.es\/profesores\/\"]}]},{\"@type\":\"BreadcrumbList\",\"@id\":\"https:\/\/ritmoslanzarote.es\/profesores\/#breadcrumb\",\"itemListElement\":[{\"@type\":\"ListItem\",\"position\":1,\"name\":\"Home\",\"item\":\"https:\/\/ritmoslanzarote.es\/\"},{\"@type\":\"ListItem\",\"position\":2,\"name\":\"Profesores\"}]},{\"@type\":\"WebSite\",\"@id\":\"https:\/\/ritmoslanzarote.es\/#website\",\"url\":\"https:\/\/ritmoslanzarote.es\/\",\"name\":\"Ritmos Lanzarote\",\"description\":\"Escuela de baile y yoga\",\"publisher\":{\"@id\":\"https:\/\/ritmoslanzarote.es\/#organization\"},\"potentialAction\":[{\"@type\":\"SearchAction\",\"target\":{\"@type\":\"EntryPoint\",\"urlTemplate\":\"https:\/\/ritmoslanzarote.es\/?s={search_term_string}\"},\"query-input\":{\"@type\":\"PropertyValueSpecification\",\"valueRequired\":true,\"valueName\":\"search_term_string\"}}],\"inLanguage\":\"en-GB\"},{\"@type\":\"Organization\",\"@id\":\"https:\/\/ritmoslanzarote.es\/#organization\",\"name\":\"Ritmos Lanzarote\",\"url\":\"https:\/\/ritmoslanzarote.es\/\",\"logo\":{\"@type\":\"ImageObject\",\"inLanguage\":\"en-GB\",\"@id\":\"https:\/\/ritmoslanzarote.es\/#\/schema\/logo\/image\/\",\"url\":\"https:\/\/ritmoslanzarote.es\/wp-content\/uploads\/2022\/01\/Spotyfit_Bachata_RitmosLanzarote-1024x1024.png\",\"contentUrl\":\"https:\/\/ritmoslanzarote.es\/wp-content\/uploads\/2022\/01\/Spotyfit_Bachata_RitmosLanzarote-1024x1024.png\",\"width\":1024,\"height\":1024,\"caption\":\"Ritmos Lanzarote\"},\"image\":{\"@id\":\"https:\/\/ritmoslanzarote.es\/#\/schema\/logo\/image\/\"},\"sameAs\":[\"https:\/\/www.facebook.com\/Ritmos-Lanzarote-109550581586888\/\",\"https:\/\/www.instagram.com\/ritmoslanzarote\/\"]}]}<\/script>\n<!-- \/ Yoast SEO plugin. -->","yoast_head_json":{"title":"Profesores - Ritmos Lanzarote","robots":{"index":"index","follow":"follow","max-snippet":"max-snippet:-1","max-image-preview":"max-image-preview:large","max-video-preview":"max-video-preview:-1"},"canonical":"https:\/\/ritmoslanzarote.es\/en\/profesores\/","og_locale":"en_GB","og_type":"article","og_title":"Profesores - Ritmos Lanzarote","og_description":"Equipo de profesCon su estilo aut\u00e9ntico y lleno de energ\u00eda, Marckitus convierte cada clase en una experiencia divertida donde aprender, conectar y disfrutar del baile, combinando t\u00e9cnica, musicalidad y mucha pasi\u00f3n.Tiene una conexi\u00f3n especial con la gente: ense\u00f1a con cari\u00f1o, empat\u00eda y una energ\u00eda contagiosa. Le encanta ayudar a los dem\u00e1s a mejorar, cuidando cada [&hellip;]","og_url":"https:\/\/ritmoslanzarote.es\/en\/profesores\/","og_site_name":"Ritmos Lanzarote","article_publisher":"https:\/\/www.facebook.com\/Ritmos-Lanzarote-109550581586888\/","article_modified_time":"2026-01-22T16:10:09+00:00","twitter_card":"summary_large_image","schema":{"@context":"https:\/\/schema.org","@graph":[{"@type":"WebPage","@id":"https:\/\/ritmoslanzarote.es\/profesores\/","url":"https:\/\/ritmoslanzarote.es\/profesores\/","name":"Profesores - Ritmos Lanzarote","isPartOf":{"@id":"https:\/\/ritmoslanzarote.es\/#website"},"datePublished":"2025-10-04T14:23:12+00:00","dateModified":"2026-01-22T16:10:09+00:00","breadcrumb":{"@id":"https:\/\/ritmoslanzarote.es\/profesores\/#breadcrumb"},"inLanguage":"en-GB","potentialAction":[{"@type":"ReadAction","target":["https:\/\/ritmoslanzarote.es\/profesores\/"]}]},{"@type":"BreadcrumbList","@id":"https:\/\/ritmoslanzarote.es\/profesores\/#breadcrumb","itemListElement":[{"@type":"ListItem","position":1,"name":"Home","item":"https:\/\/ritmoslanzarote.es\/"},{"@type":"ListItem","position":2,"name":"Profesores"}]},{"@type":"WebSite","@id":"https:\/\/ritmoslanzarote.es\/#website","url":"https:\/\/ritmoslanzarote.es\/","name":"Ritmos Lanzarote","description":"Escuela de baile y yoga","publisher":{"@id":"https:\/\/ritmoslanzarote.es\/#organization"},"potentialAction":[{"@type":"SearchAction","target":{"@type":"EntryPoint","urlTemplate":"https:\/\/ritmoslanzarote.es\/?s={search_term_string}"},"query-input":{"@type":"PropertyValueSpecification","valueRequired":true,"valueName":"search_term_string"}}],"inLanguage":"en-GB"},{"@type":"Organization","@id":"https:\/\/ritmoslanzarote.es\/#organization","name":"Ritmos Lanzarote","url":"https:\/\/ritmoslanzarote.es\/","logo":{"@type":"ImageObject","inLanguage":"en-GB","@id":"https:\/\/ritmoslanzarote.es\/#\/schema\/logo\/image\/","url":"https:\/\/ritmoslanzarote.es\/wp-content\/uploads\/2022\/01\/Spotyfit_Bachata_RitmosLanzarote-1024x1024.png","contentUrl":"https:\/\/ritmoslanzarote.es\/wp-content\/uploads\/2022\/01\/Spotyfit_Bachata_RitmosLanzarote-1024x1024.png","width":1024,"height":1024,"caption":"Ritmos Lanzarote"},"image":{"@id":"https:\/\/ritmoslanzarote.es\/#\/schema\/logo\/image\/"},"sameAs":["https:\/\/www.facebook.com\/Ritmos-Lanzarote-109550581586888\/","https:\/\/www.instagram.com\/ritmoslanzarote\/"]}]}},"_links":{"self":[{"href":"https:\/\/ritmoslanzarote.es\/en\/wp-json\/wp\/v2\/pages\/909"}],"collection":[{"href":"https:\/\/ritmoslanzarote.es\/en\/wp-json\/wp\/v2\/pages"}],"about":[{"href":"https:\/\/ritmoslanzarote.es\/en\/wp-json\/wp\/v2\/types\/page"}],"author":[{"embeddable":true,"href":"https:\/\/ritmoslanzarote.es\/en\/wp-json\/wp\/v2\/users\/1"}],"replies":[{"embeddable":true,"href":"https:\/\/ritmoslanzarote.es\/en\/wp-json\/wp\/v2\/comments?post=909"}],"version-history":[{"count":16,"href":"https:\/\/ritmoslanzarote.es\/en\/wp-json\/wp\/v2\/pages\/909\/revisions"}],"predecessor-version":[{"id":963,"href":"https:\/\/ritmoslanzarote.es\/en\/wp-json\/wp\/v2\/pages\/909\/revisions\/963"}],"wp:attachment":[{"href":"https:\/\/ritmoslanzarote.es\/en\/wp-json\/wp\/v2\/media?parent=909"}],"curies":[{"name":"wp","href":"https:\/\/api.w.org\/{rel}","templated":true}]}}